{"id":154,"date":"2025-06-15T22:01:05","date_gmt":"2025-06-15T20:01:05","guid":{"rendered":"https:\/\/alchemium-prod.com\/?page_id=154"},"modified":"2026-01-24T16:04:38","modified_gmt":"2026-01-24T15:04:38","slug":"hello-everybody","status":"publish","type":"page","link":"https:\/\/alchemium-prod.com\/","title":{"rendered":"Concerts"},"content":{"rendered":"\t\t<div data-elementor-type=\"wp-post\" data-elementor-id=\"154\" class=\"elementor elementor-154\" data-elementor-post-type=\"page\">\n\t\t\t\t<div class=\"elementor-element elementor-element-25d4961 e-flex e-con-boxed e-con e-parent\" data-id=\"25d4961\" data-element_type=\"container\" data-e-type=\"container\">\n\t\t\t\t\t<div class=\"e-con-inner\">\n\t\t<div class=\"elementor-element elementor-element-58d1f0d e-con-full e-flex e-con e-child\" data-id=\"58d1f0d\" data-element_type=\"container\" data-e-type=\"container\">\n\t\t\t\t<div class=\"elementor-element elementor-element-a580bc0 elementor-invisible elementor-widget elementor-widget-image\" data-id=\"a580bc0\" data-element_type=\"widget\" data-e-type=\"widget\" data-settings=\"{&quot;_animation&quot;:&quot;fadeInDown&quot;}\" data-widget_type=\"image.default\">\n\t\t\t\t<div class=\"elementor-widget-container\">\n\t\t\t\t\t\t\t\t\t\t\t\t\t\t\t<img fetchpriority=\"high\" decoding=\"async\" width=\"800\" height=\"449\" src=\"https:\/\/alchemium-prod.com\/wp-content\/uploads\/2025\/09\/Alchemium-Concerts-logo.webp\" class=\"attachment-large size-large wp-image-466\" alt=\"Alchemium Logo concerts\" srcset=\"https:\/\/alchemium-prod.com\/wp-content\/uploads\/2025\/09\/Alchemium-Concerts-logo.webp 990w, https:\/\/alchemium-prod.com\/wp-content\/uploads\/2025\/09\/Alchemium-Concerts-logo-300x168.webp 300w, https:\/\/alchemium-prod.com\/wp-content\/uploads\/2025\/09\/Alchemium-Concerts-logo-768x431.webp 768w\" sizes=\"(max-width: 800px) 100vw, 800px\" \/>\t\t\t\t\t\t\t\t\t\t\t\t\t\t\t<\/div>\n\t\t\t\t<\/div>\n\t\t\t\t<\/div>\n\t\t<div class=\"elementor-element elementor-element-677bef6 e-con-full e-flex e-con e-child\" data-id=\"677bef6\" data-element_type=\"container\" data-e-type=\"container\">\n\t\t\t\t<div class=\"elementor-element elementor-element-360bf12 elementor-widget elementor-widget-heading\" data-id=\"360bf12\" data-element_type=\"widget\" data-e-type=\"widget\" data-widget_type=\"heading.default\">\n\t\t\t\t<div class=\"elementor-widget-container\">\n\t\t\t\t\t<h1 class=\"elementor-heading-title elementor-size-default\">Concerts<\/h1>\t\t\t\t<\/div>\n\t\t\t\t<\/div>\n\t\t\t\t<\/div>\n\t\t<div class=\"elementor-element elementor-element-ac0f49d e-con-full e-flex e-con e-child\" data-id=\"ac0f49d\" data-element_type=\"container\" data-e-type=\"container\">\n\t\t\t\t<div class=\"elementor-element elementor-element-2028578 elementor-grid-3 elementor-grid-tablet-2 elementor-grid-mobile-1 elementor-widget elementor-widget-loop-grid\" data-id=\"2028578\" data-element_type=\"widget\" data-e-type=\"widget\" data-settings=\"{&quot;template_id&quot;:&quot;395&quot;,&quot;_skin&quot;:&quot;post&quot;,&quot;columns&quot;:&quot;3&quot;,&quot;columns_tablet&quot;:&quot;2&quot;,&quot;columns_mobile&quot;:&quot;1&quot;,&quot;edit_handle_selector&quot;:&quot;[data-elementor-type=\\&quot;loop-item\\&quot;]&quot;,&quot;row_gap&quot;:{&quot;unit&quot;:&quot;px&quot;,&quot;size&quot;:&quot;&quot;,&quot;sizes&quot;:[]},&quot;row_gap_tablet&quot;:{&quot;unit&quot;:&quot;px&quot;,&quot;size&quot;:&quot;&quot;,&quot;sizes&quot;:[]},&quot;row_gap_mobile&quot;:{&quot;unit&quot;:&quot;px&quot;,&quot;size&quot;:&quot;&quot;,&quot;sizes&quot;:[]}}\" data-widget_type=\"loop-grid.post\">\n\t\t\t\t<div class=\"elementor-widget-container\">\n\t\t\t\t\t\t\t<div class=\"elementor-loop-container elementor-grid\" role=\"list\">\n\t\t<style id=\"loop-395\">.elementor-395 .elementor-element.elementor-element-43794951{--display:flex;--min-height:0px;--justify-content:flex-start;--align-items:center;--container-widget-width:calc( ( 1 - var( --container-widget-flex-grow ) ) * 100% );--margin-top:0px;--margin-bottom:0px;--margin-left:0px;--margin-right:0px;--padding-top:0px;--padding-bottom:0px;--padding-left:0px;--padding-right:0px;}.elementor-395 .elementor-element.elementor-element-43794951:not(.elementor-motion-effects-element-type-background), .elementor-395 .elementor-element.elementor-element-43794951 > .elementor-motion-effects-container > .elementor-motion-effects-layer{background-color:var( --e-global-color-c8fd724 );}.elementor-395 .elementor-element.elementor-element-43794951.e-con{--flex-grow:0;--flex-shrink:0;}.elementor-widget-theme-post-featured-image .widget-image-caption{color:var( --e-global-color-text );font-family:var( --e-global-typography-text-font-family ), Sans-serif;font-size:var( --e-global-typography-text-font-size );font-weight:var( --e-global-typography-text-font-weight );}.elementor-395 .elementor-element.elementor-element-36d91553 > .elementor-widget-container{margin:0px 0px 0px 0px;}.elementor-395 .elementor-element.elementor-element-36d91553{width:100%;max-width:100%;}.elementor-395 .elementor-element.elementor-element-36d91553.elementor-element{--flex-grow:1;--flex-shrink:0;}.elementor-395 .elementor-element.elementor-element-17cb349{--display:flex;--gap:9px 9px;--row-gap:9px;--column-gap:9px;--margin-top:-18px;--margin-bottom:0px;--margin-left:0px;--margin-right:0px;}.elementor-395 .elementor-element.elementor-element-17cb349:not(.elementor-motion-effects-element-type-background), .elementor-395 .elementor-element.elementor-element-17cb349 > .elementor-motion-effects-container > .elementor-motion-effects-layer{background-color:var( --e-global-color-secondary );}.elementor-widget-theme-post-title .elementor-heading-title{font-family:var( --e-global-typography-primary-font-family ), Sans-serif;font-size:var( --e-global-typography-primary-font-size );font-weight:var( --e-global-typography-primary-font-weight );color:var( --e-global-color-primary );}.elementor-395 .elementor-element.elementor-element-b77e50f{text-align:center;}.elementor-395 .elementor-element.elementor-element-b77e50f .elementor-heading-title{font-family:var( --e-global-typography-primary-font-family ), Sans-serif;font-size:var( --e-global-typography-primary-font-size );font-weight:var( --e-global-typography-primary-font-weight );color:var( --e-global-color-primary );}.elementor-widget-post-info .elementor-icon-list-item:not(:last-child):after{border-color:var( --e-global-color-text );}.elementor-widget-post-info .elementor-icon-list-icon i{color:var( --e-global-color-primary );}.elementor-widget-post-info .elementor-icon-list-icon svg{fill:var( --e-global-color-primary );}.elementor-widget-post-info .elementor-icon-list-text, .elementor-widget-post-info .elementor-icon-list-text a{color:var( --e-global-color-secondary );}.elementor-widget-post-info .elementor-icon-list-item{font-family:var( --e-global-typography-text-font-family ), Sans-serif;font-size:var( --e-global-typography-text-font-size );font-weight:var( --e-global-typography-text-font-weight );}.elementor-395 .elementor-element.elementor-element-132661d8 .elementor-icon-list-items:not(.elementor-inline-items) .elementor-icon-list-item:not(:last-child){padding-bottom:calc(6px\/2);}.elementor-395 .elementor-element.elementor-element-132661d8 .elementor-icon-list-items:not(.elementor-inline-items) .elementor-icon-list-item:not(:first-child){margin-top:calc(6px\/2);}.elementor-395 .elementor-element.elementor-element-132661d8 .elementor-icon-list-items.elementor-inline-items .elementor-icon-list-item{margin-right:calc(6px\/2);margin-left:calc(6px\/2);}.elementor-395 .elementor-element.elementor-element-132661d8 .elementor-icon-list-items.elementor-inline-items{margin-right:calc(-6px\/2);margin-left:calc(-6px\/2);}body.rtl .elementor-395 .elementor-element.elementor-element-132661d8 .elementor-icon-list-items.elementor-inline-items .elementor-icon-list-item:after{left:calc(-6px\/2);}body:not(.rtl) .elementor-395 .elementor-element.elementor-element-132661d8 .elementor-icon-list-items.elementor-inline-items .elementor-icon-list-item:after{right:calc(-6px\/2);}.elementor-395 .elementor-element.elementor-element-132661d8 .elementor-icon-list-icon i{color:var( --e-global-color-c8fd724 );font-size:6px;}.elementor-395 .elementor-element.elementor-element-132661d8 .elementor-icon-list-icon svg{fill:var( --e-global-color-c8fd724 );--e-icon-list-icon-size:6px;}.elementor-395 .elementor-element.elementor-element-132661d8 .elementor-icon-list-icon{width:6px;}body:not(.rtl) .elementor-395 .elementor-element.elementor-element-132661d8 .elementor-icon-list-text{padding-left:0px;}body.rtl .elementor-395 .elementor-element.elementor-element-132661d8 .elementor-icon-list-text{padding-right:0px;}.elementor-395 .elementor-element.elementor-element-132661d8 .elementor-icon-list-text, .elementor-395 .elementor-element.elementor-element-132661d8 .elementor-icon-list-text a{color:var( --e-global-color-c8fd724 );}.elementor-395 .elementor-element.elementor-element-132661d8 .elementor-icon-list-item{font-family:var( --e-global-typography-accent-font-family ), Sans-serif;font-size:var( --e-global-typography-accent-font-size );font-weight:var( --e-global-typography-accent-font-weight );}.elementor-widget-heading .elementor-heading-title{font-family:var( --e-global-typography-primary-font-family ), Sans-serif;font-size:var( --e-global-typography-primary-font-size );font-weight:var( --e-global-typography-primary-font-weight );color:var( --e-global-color-primary );}.elementor-395 .elementor-element.elementor-element-3ddd8833{text-align:center;}.elementor-395 .elementor-element.elementor-element-3ddd8833 .elementor-heading-title{font-family:var( --e-global-typography-secondary-font-family ), Sans-serif;font-size:var( --e-global-typography-secondary-font-size );font-weight:var( --e-global-typography-secondary-font-weight );color:var( --e-global-color-c8fd724 );}.elementor-395 .elementor-element.elementor-element-3ddd8833.elementor-element{--flex-grow:1;--flex-shrink:5;}.elementor-widget-theme-post-excerpt .elementor-widget-container{font-family:var( --e-global-typography-text-font-family ), Sans-serif;font-size:var( --e-global-typography-text-font-size );font-weight:var( --e-global-typography-text-font-weight );color:var( --e-global-color-text );}.elementor-395 .elementor-element.elementor-element-3aaedd35 .elementor-widget-container{text-align:center;font-family:var( --e-global-typography-text-font-family ), Sans-serif;font-size:var( --e-global-typography-text-font-size );font-weight:var( --e-global-typography-text-font-weight );color:var( --e-global-color-text );}.elementor-widget-button .elementor-button{font-family:var( --e-global-typography-accent-font-family ), Sans-serif;font-size:var( --e-global-typography-accent-font-size );font-weight:var( --e-global-typography-accent-font-weight );background-color:var( --e-global-color-accent );}.elementor-395 .elementor-element.elementor-element-37b0c4bd .elementor-button{font-family:var( --e-global-typography-accent-font-family ), Sans-serif;font-size:var( --e-global-typography-accent-font-size );font-weight:var( --e-global-typography-accent-font-weight );fill:var( --e-global-color-secondary );color:var( --e-global-color-secondary );background-color:transparent;background-image:linear-gradient(180deg, var( --e-global-color-primary ) 0%, var( --e-global-color-c8fd724 ) 100%);}.elementor-395 .elementor-element.elementor-element-37b0c4bd .elementor-button:hover, .elementor-395 .elementor-element.elementor-element-37b0c4bd .elementor-button:focus{color:var( --e-global-color-secondary );}.elementor-395 .elementor-element.elementor-element-37b0c4bd .elementor-button:hover svg, .elementor-395 .elementor-element.elementor-element-37b0c4bd .elementor-button:focus svg{fill:var( --e-global-color-secondary );}.elementor-395 .elementor-element.elementor-element-37b0c4bd{width:100%;max-width:100%;}@media(min-width:768px){.elementor-395 .elementor-element.elementor-element-43794951{--width:96%;}}@media(max-width:1024px){.elementor-widget-theme-post-featured-image .widget-image-caption{font-size:var( --e-global-typography-text-font-size );}.elementor-widget-theme-post-title .elementor-heading-title{font-size:var( --e-global-typography-primary-font-size );}.elementor-395 .elementor-element.elementor-element-b77e50f .elementor-heading-title{font-size:var( --e-global-typography-primary-font-size );}.elementor-widget-post-info .elementor-icon-list-item{font-size:var( --e-global-typography-text-font-size );}.elementor-395 .elementor-element.elementor-element-132661d8 .elementor-icon-list-item{font-size:var( --e-global-typography-accent-font-size );}.elementor-widget-heading .elementor-heading-title{font-size:var( --e-global-typography-primary-font-size );}.elementor-395 .elementor-element.elementor-element-3ddd8833 .elementor-heading-title{font-size:var( --e-global-typography-secondary-font-size );}.elementor-widget-theme-post-excerpt .elementor-widget-container{font-size:var( --e-global-typography-text-font-size );}.elementor-395 .elementor-element.elementor-element-3aaedd35 .elementor-widget-container{font-size:var( --e-global-typography-text-font-size );}.elementor-widget-button .elementor-button{font-size:var( --e-global-typography-accent-font-size );}.elementor-395 .elementor-element.elementor-element-37b0c4bd .elementor-button{font-size:var( --e-global-typography-accent-font-size );}}@media(max-width:767px){.elementor-widget-theme-post-featured-image .widget-image-caption{font-size:var( --e-global-typography-text-font-size );}.elementor-widget-theme-post-title .elementor-heading-title{font-size:var( --e-global-typography-primary-font-size );}.elementor-395 .elementor-element.elementor-element-b77e50f .elementor-heading-title{font-size:var( --e-global-typography-primary-font-size );}.elementor-widget-post-info .elementor-icon-list-item{font-size:var( --e-global-typography-text-font-size );}.elementor-395 .elementor-element.elementor-element-132661d8 .elementor-icon-list-item{font-size:var( --e-global-typography-accent-font-size );}.elementor-widget-heading .elementor-heading-title{font-size:var( --e-global-typography-primary-font-size );}.elementor-395 .elementor-element.elementor-element-3ddd8833 .elementor-heading-title{font-size:var( --e-global-typography-secondary-font-size );}.elementor-widget-theme-post-excerpt .elementor-widget-container{font-size:var( --e-global-typography-text-font-size );}.elementor-395 .elementor-element.elementor-element-3aaedd35 .elementor-widget-container{font-size:var( --e-global-typography-text-font-size );}.elementor-widget-button .elementor-button{font-size:var( --e-global-typography-accent-font-size );}.elementor-395 .elementor-element.elementor-element-37b0c4bd .elementor-button{font-size:var( --e-global-typography-accent-font-size );}}<\/style>\t\t<div data-elementor-type=\"loop-item\" data-elementor-id=\"395\" class=\"elementor elementor-395 e-loop-item e-loop-item-563 post-563 post type-post status-publish format-standard has-post-thumbnail hentry category-non-classe tag-bart-sky tag-bernard-minet tag-grenoble tag-hellorglam tag-metal\" data-elementor-post-type=\"elementor_library\" data-custom-edit-handle=\"1\">\n\t\t\t<div class=\"elementor-element elementor-element-43794951 e-con-full e-flex e-con e-parent\" data-id=\"43794951\" data-element_type=\"container\" data-e-type=\"container\" data-settings=\"{&quot;background_background&quot;:&quot;classic&quot;}\">\n\t\t\t\t<div class=\"elementor-element elementor-element-36d91553 elementor-widget__width-inherit elementor-widget elementor-widget-theme-post-featured-image elementor-widget-image\" data-id=\"36d91553\" data-element_type=\"widget\" data-e-type=\"widget\" data-widget_type=\"theme-post-featured-image.default\">\n\t\t\t\t<div class=\"elementor-widget-container\">\n\t\t\t\t\t\t\t\t\t\t\t\t\t\t\t<img decoding=\"async\" width=\"600\" height=\"314\" src=\"https:\/\/alchemium-prod.com\/wp-content\/uploads\/2026\/01\/AFFICHE-BM-MB-concert.webp\" class=\"attachment-medium_large size-medium_large wp-image-570\" alt=\"\" srcset=\"https:\/\/alchemium-prod.com\/wp-content\/uploads\/2026\/01\/AFFICHE-BM-MB-concert.webp 600w, https:\/\/alchemium-prod.com\/wp-content\/uploads\/2026\/01\/AFFICHE-BM-MB-concert-300x157.webp 300w\" sizes=\"(max-width: 600px) 100vw, 600px\" \/>\t\t\t\t\t\t\t\t\t\t\t\t\t\t\t<\/div>\n\t\t\t\t<\/div>\n\t\t<div class=\"elementor-element elementor-element-17cb349 e-con-full e-flex e-con e-child\" data-id=\"17cb349\" data-element_type=\"container\" data-e-type=\"container\" data-settings=\"{&quot;background_background&quot;:&quot;classic&quot;}\">\n\t\t\t\t<div class=\"elementor-element elementor-element-b77e50f elementor-widget elementor-widget-theme-post-title elementor-page-title elementor-widget-heading\" data-id=\"b77e50f\" data-element_type=\"widget\" data-e-type=\"widget\" data-widget_type=\"theme-post-title.default\">\n\t\t\t\t<div class=\"elementor-widget-container\">\n\t\t\t\t\t<h2 class=\"elementor-heading-title elementor-size-default\">BERNARD MINET Metal Band &#8211; BARTH SKY &#8211; HELLORGLAM<\/h2>\t\t\t\t<\/div>\n\t\t\t\t<\/div>\n\t\t\t\t<div class=\"elementor-element elementor-element-132661d8 elementor-align-center elementor-widget elementor-widget-post-info\" data-id=\"132661d8\" data-element_type=\"widget\" data-e-type=\"widget\" data-widget_type=\"post-info.default\">\n\t\t\t\t<div class=\"elementor-widget-container\">\n\t\t\t\t\t\t\t<ul class=\"elementor-inline-items elementor-icon-list-items elementor-post-info\">\n\t\t\t\t\t\t\t\t<li class=\"elementor-icon-list-item elementor-repeater-item-e124c12 elementor-inline-item\">\n\t\t\t\t\t\t\t\t\t\t\t\t\t<span class=\"elementor-icon-list-text elementor-post-info__item elementor-post-info__item--type-custom\">\n\t\t\t\t\t\t\t\t\t\tGrenoble \/ Seyssinet-Pariset\t\t\t\t\t<\/span>\n\t\t\t\t\t\t\t\t<\/li>\n\t\t\t\t<li class=\"elementor-icon-list-item elementor-repeater-item-247d826 elementor-inline-item\">\n\t\t\t\t\t\t\t\t\t\t\t\t\t<span class=\"elementor-icon-list-text elementor-post-info__item elementor-post-info__item--type-custom\">\n\t\t\t\t\t\t\t\t\t\t-\t\t\t\t\t<\/span>\n\t\t\t\t\t\t\t\t<\/li>\n\t\t\t\t<li class=\"elementor-icon-list-item elementor-repeater-item-8aeb159 elementor-inline-item\">\n\t\t\t\t\t\t\t\t\t\t\t\t\t<span class=\"elementor-icon-list-text elementor-post-info__item elementor-post-info__item--type-custom\">\n\t\t\t\t\t\t\t\t\t\tL'ilyade\t\t\t\t\t<\/span>\n\t\t\t\t\t\t\t\t<\/li>\n\t\t\t\t<\/ul>\n\t\t\t\t\t\t<\/div>\n\t\t\t\t<\/div>\n\t\t\t\t<div class=\"elementor-element elementor-element-3ddd8833 elementor-widget elementor-widget-heading\" data-id=\"3ddd8833\" data-element_type=\"widget\" data-e-type=\"widget\" data-widget_type=\"heading.default\">\n\t\t\t\t<div class=\"elementor-widget-container\">\n\t\t\t\t\t<h2 class=\"elementor-heading-title elementor-size-default\">25 avril 2026<\/h2>\t\t\t\t<\/div>\n\t\t\t\t<\/div>\n\t\t\t\t<div class=\"elementor-element elementor-element-3aaedd35 elementor-widget elementor-widget-theme-post-excerpt\" data-id=\"3aaedd35\" data-element_type=\"widget\" data-e-type=\"widget\" data-widget_type=\"theme-post-excerpt.default\">\n\t\t\t\t<div class=\"elementor-widget-container\">\n\t\t\t\t\tRetournez en enfance le temps d\u2019une soir\u00e9e !\n\nBernard Minet est n\u00e9 en 1953. Il est musicien et com\u00e9dien, mais c'est surtout en tant que chanteur qu'on le conna\u00eet, pour sa participation au groupe Les Muscl\u00e9s ainsi qu'\u00e0 l'\u00e9mission Club Doroth\u00e9e de 1987 \u00e0 1997. Il interpr\u00e8te notamment de multiples chansons pour des g\u00e9n\u00e9riques de dessins anim\u00e9s.\nEn 2019 est mis en chantier le Bernard Minet Metal Band, avec pour objectif de r\u00e9interpr\u00e9ter en version Metal ses g\u00e9n\u00e9riques les plus c\u00e9l\u00e8bres (ainsi que quelques autres dont il n'\u00e9tait pas le chanteur \u00e0 l'origine)\u2026\t\t\t\t<\/div>\n\t\t\t\t<\/div>\n\t\t\t\t<div class=\"elementor-element elementor-element-37b0c4bd elementor-align-center elementor-widget__width-inherit elementor-widget elementor-widget-button\" data-id=\"37b0c4bd\" data-element_type=\"widget\" data-e-type=\"widget\" data-widget_type=\"button.default\">\n\t\t\t\t<div class=\"elementor-widget-container\">\n\t\t\t\t\t\t\t\t\t<div class=\"elementor-button-wrapper\">\n\t\t\t\t\t<a class=\"elementor-button elementor-button-link elementor-size-sm elementor-animation-bounce-in\" href=\"https:\/\/my.weezevent.com\/bernard-minet-metal-band-grenoble-lilyade-seyssinet-pariset\" target=\"_blank\" booking_concert=\"\">\n\t\t\t\t\t\t<span class=\"elementor-button-content-wrapper\">\n\t\t\t\t\t\t\t\t\t<span class=\"elementor-button-text\">+ d'infos et r\u00e9servations<\/span>\n\t\t\t\t\t<\/span>\n\t\t\t\t\t<\/a>\n\t\t\t\t<\/div>\n\t\t\t\t\t\t\t\t<\/div>\n\t\t\t\t<\/div>\n\t\t\t\t<\/div>\n\t\t\t\t<\/div>\n\t\t\t\t<\/div>\n\t\t\t\t<\/div>\n\t\t\n\t\t\t\t\t\t<\/div>\n\t\t\t\t<\/div>\n\t\t\t\t<\/div>\n\t\t\t\t\t<\/div>\n\t\t\t\t<\/div>\n\t\t\t\t<\/div>\n\t\t","protected":false},"excerpt":{"rendered":"<p>Concerts<\/p>\n","protected":false},"author":1,"featured_media":0,"parent":0,"menu_order":0,"comment_status":"closed","ping_status":"closed","template":"","meta":{"_acf_changed":false,"footnotes":""},"class_list":["post-154","page","type-page","status-publish","hentry"],"acf":[],"_links":{"self":[{"href":"https:\/\/alchemium-prod.com\/index.php\/wp-json\/wp\/v2\/pages\/154","targetHints":{"allow":["GET"]}}],"collection":[{"href":"https:\/\/alchemium-prod.com\/index.php\/wp-json\/wp\/v2\/pages"}],"about":[{"href":"https:\/\/alchemium-prod.com\/index.php\/wp-json\/wp\/v2\/types\/page"}],"author":[{"embeddable":true,"href":"https:\/\/alchemium-prod.com\/index.php\/wp-json\/wp\/v2\/users\/1"}],"replies":[{"embeddable":true,"href":"https:\/\/alchemium-prod.com\/index.php\/wp-json\/wp\/v2\/comments?post=154"}],"version-history":[{"count":95,"href":"https:\/\/alchemium-prod.com\/index.php\/wp-json\/wp\/v2\/pages\/154\/revisions"}],"predecessor-version":[{"id":609,"href":"https:\/\/alchemium-prod.com\/index.php\/wp-json\/wp\/v2\/pages\/154\/revisions\/609"}],"wp:attachment":[{"href":"https:\/\/alchemium-prod.com\/index.php\/wp-json\/wp\/v2\/media?parent=154"}],"curies":[{"name":"wp","href":"https:\/\/api.w.org\/{rel}","templated":true}]}}